{"id":9,"date":"2016-08-02T10:10:21","date_gmt":"2016-08-02T10:10:21","guid":{"rendered":"http:\/\/www.abracarnatureza.eu\/?page_id=9"},"modified":"2022-04-06T10:32:00","modified_gmt":"2022-04-06T10:32:00","slug":"trilhos","status":"publish","type":"page","link":"http:\/\/www.abracarnatureza.eu\/?page_id=9","title":{"rendered":"Trilhos"},"content":{"rendered":"\n<div class=\"twitter-share\"><a href=\"https:\/\/twitter.com\/intent\/tweet\" class=\"twitter-share-button\">Tweet<\/a><\/div>\n<p><span style=\"font-size: 14pt;\"><strong>Portugal<\/strong><\/span><\/p>\n<p style=\"padding-left: 30px; text-align: left;\"><span style=\"font-size: 14pt;\"><em><strong>Minho<\/strong><\/em><\/span><\/p>\n\r\n\t<div class=\"imgmap-frontend-image\">\r\n\t<div class=\"imgmap-dialog-wrapper\" id=\"imgmap-dialog-1579-1\"><\/div>\r\n\t<img src=\"http:\/\/www.abracarnatureza.eu\/wp-content\/uploads\/mapa_minho.jpg\" usemap=\"#imgmap-1579-1\" id=\"imagemap-1579-1\" \/>\r\n\t<map name=\"imgmap-1579-1\"><area data-type=\"link\" data-tooltip=\"\" data-fill-color=\"3ddb1e\" data-fill-opacity=\"0.3\" data-stroke-color=\"3ddb1e\" data-stroke-opacity=\"0.8\" data-stroke-width=\"2\" data-mapkey=\"area-2981\" shape=\"poly\" coords=\"264,94,249,94,239,99,227,101,209,103,197,105,192,106,191,108,181,108,173,110,167,119,168,125,170,130,172,137,173,151,171,159,160,169,158,185,157,194,164,216,179,213,186,212,192,208,197,206,205,204,211,204,215,206,224,199,230,202,246,201,255,193,261,188,266,184,274,174,276,172,290,168,299,167,306,164,307,159,306,156,299,151,299,145,301,142,301,139,300,133,296,120,297,118,303,108,310,98,311,91,309,84,306,79,302,79,295,85,292,86,287,82,278,85,275,96,275,105,273,107,271,109,269,108,267,107,265,101,264,97\" href=\"http:\/\/www.abracarnatureza.eu\/?page_id=2936\" title=\"\" \/><area data-type=\"link\" data-tooltip=\"\" data-fill-color=\"3ddb1e\" data-fill-opacity=\"0.3\" data-stroke-color=\"3ddb1e\" data-stroke-opacity=\"0.8\" data-stroke-width=\"2\" data-mapkey=\"area-2980\" shape=\"poly\" coords=\"254,238,254,247,257,259,233,274,241,284,250,282,259,279,263,277,266,275,270,272,272,271,274,276,271,280,272,280,279,283,282,286,281,291,278,297,285,299,289,297,292,298,298,298,306,294,315,286,318,284,330,280,342,275,345,271,354,264,357,259,359,252,360,246,358,243,365,232,366,223,367,219,374,208,374,203,371,195,357,202,349,203,336,203,330,200,325,195,320,200,318,208,314,206,306,206,303,206,296,212,290,218,280,220,270,227,266,228,258,233\" href=\"http:\/\/www.abracarnatureza.eu\/?page_id=2881\" title=\"\" \/><area data-type=\"tooltip\" data-tooltip=\"Brevemente!\" data-fill-color=\"3ddb1e\" data-fill-opacity=\"0.3\" data-stroke-color=\"3ddb1e\" data-stroke-opacity=\"0.8\" data-stroke-width=\"2\" data-mapkey=\"area-2457\" shape=\"poly\" coords=\"464,322,461,330,456,335,450,337,441,340,438,338,429,337,424,337,422,337,419,337,417,336,416,332,414,329,413,328,409,329,405,332,399,330,396,330,390,329,387,333,381,336,375,339,371,341,366,354,368,357,365,364,370,377,367,393,366,404,378,406,392,406,395,411,403,418,412,422,417,424,419,425,425,422,426,403,429,398,439,397,446,388,450,388,455,385,457,377,469,366,471,360,473,360,479,350,479,338,473,330\" href=\"#\" title=\"\" \/><area data-type=\"link\" data-tooltip=\"\" data-fill-color=\"3ddb1e\" data-fill-opacity=\"0.3\" data-stroke-color=\"3ddb1e\" data-stroke-opacity=\"0.8\" data-stroke-width=\"2\" data-mapkey=\"area-2456\" shape=\"poly\" coords=\"242,36,245,47,251,53,248,58,253,62,257,68,260,75,261,82,263,93,263,95,266,103,267,105,269,107,272,107,275,105,276,92,277,87,281,84,286,83,291,85,295,85,300,82,303,79,307,81,310,89,311,97,306,105,303,111,301,115,298,117,296,120,298,124,299,131,300,135,302,140,303,137,305,135,306,129,317,117,320,113,323,109,323,105,325,98,330,94,341,86,354,79,359,75,360,70,359,61,357,54,355,46,351,39,343,35,337,36,331,37,325,40,322,43,321,46,318,47,315,47,314,44,313,40,313,32,313,25,311,17,310,13,313,8,313,4,310,-1,307,1,306,4,303,6,297,9,295,8,287,5,286,7,284,11,283,13,281,15,277,15,272,16,270,17,268,20,267,23,262,23,260,25,257,25,254,28,252,29,253,33,251,37,248,39,245,37,241,35\" href=\"http:\/\/www.abracarnatureza.eu\/?page_id=2452\" title=\"\" \/><area data-type=\"link\" data-tooltip=\"\" data-fill-color=\"3ddb1e\" data-fill-opacity=\"0.3\" data-stroke-color=\"3ddb1e\" data-stroke-opacity=\"0.8\" data-stroke-width=\"2\" data-mapkey=\"area-1764\" shape=\"poly\" coords=\"200,415,212,404,217,398,219,393,218,389,217,382,233,371,241,371,247,372,249,371,251,367,257,369,264,377,279,369,284,377,290,371,293,363,290,359,301,353,307,353,307,357,308,361,311,365,306,367,302,367,300,367,295,370,293,375,291,378,289,383,287,387,287,389,289,397,289,405,289,411,289,418,287,425,291,429,294,433,295,438,290,441,283,443,283,447,287,447,291,446,297,447,295,453,291,456,288,453,284,452,281,453,278,456,278,460,276,461,268,460,265,457,265,455,263,451,260,448,258,448,256,449,251,459,254,463,255,465,251,465,249,471,246,468,241,470,235,472,231,473,224,473,221,474,219,474,219,469,219,467,219,464,221,461,224,459,225,458,224,455,219,451,220,447,221,445,221,443,219,440,216,440,214,438,214,436,213,435,213,433,213,432,213,427,213,426\" href=\"http:\/\/www.abracarnatureza.eu\/?page_id=1762\" title=\"\" \/><area data-type=\"link\" data-tooltip=\"\" data-fill-color=\"3ddb1e\" data-fill-opacity=\"0.3\" data-stroke-color=\"3ddb1e\" data-stroke-opacity=\"0.8\" data-stroke-width=\"2\" data-mapkey=\"area-1598\" shape=\"poly\" coords=\"65,317,71,324,69,326,66,336,66,342,70,349,68,354,63,369,66,373,71,376,73,380,77,388,75,396,75,399,67,397,55,413,61,415,69,420,71,418,73,421,77,423,82,423,90,423,93,431,94,432,101,439,112,443,118,437,122,430,128,430,129,433,136,436,139,433,143,429,147,427,148,423,147,420,139,414,141,407,143,407,155,409,161,407,162,406,161,402,157,397,159,391,163,386,164,383,165,375,167,370,172,366,169,360,168,357,165,352,165,351,166,351,170,349,170,347,165,341,155,341,154,337,151,323,149,315,139,318,130,305,123,309,118,308,109,302,104,299,103,300,101,303,101,307,101,312,102,313,101,315,98,310,91,305,82,305,78,309,74,311,67,308,65,317,64,313\" href=\"http:\/\/www.abracarnatureza.eu\/?page_id=1596\" title=\"\" \/><area data-type=\"link\" data-tooltip=\"\" data-fill-color=\"3ddb1e\" data-fill-opacity=\"0.3\" data-stroke-color=\"3ddb1e\" data-stroke-opacity=\"0.8\" data-stroke-width=\"2\" data-mapkey=\"area-1593\" shape=\"poly\" coords=\"83,201,85,210,80,224,92,247,94,257,101,260,105,274,99,277,103,286,102,299,105,299,120,309,131,305,141,317,148,314,152,304,150,297,149,290,158,281,163,258,162,255,172,243,176,251,183,250,181,245,184,234,178,226,181,221,178,212,165,214,163,214,162,208,155,189,158,177,147,172,142,170,139,167,131,171,130,174,120,171,115,179,111,181,108,180,103,173,94,179,90,182,88,187,89,193,90,196,88,198\" href=\"http:\/\/www.abracarnatureza.eu\/?page_id=298\" title=\"\" \/><area data-type=\"link\" data-tooltip=\"\" data-fill-color=\"3ddb1e\" data-fill-opacity=\"0.3\" data-stroke-color=\"3ddb1e\" data-stroke-opacity=\"0.8\" data-stroke-width=\"2\" data-mapkey=\"area-1592\" shape=\"poly\" coords=\"32,326,31,338,35,345,37,356,36,365,36,379,41,396,43,406,45,412,53,412,56,412,67,395,71,396,75,399,76,394,71,376,67,374,62,373,66,363,68,348,67,341,65,338,66,333,70,326,70,322,67,319,63,316,56,320,55,318,49,325\" href=\"http:\/\/www.abracarnatureza.eu\/?page_id=434\" title=\"\" \/><area data-type=\"link\" data-tooltip=\"\" data-fill-color=\"3ddb1e\" data-fill-opacity=\"0.3\" data-stroke-color=\"3ddb1e\" data-stroke-opacity=\"0.8\" data-stroke-width=\"2\" data-mapkey=\"area-1591\" shape=\"poly\" coords=\"232,273,225,278,222,288,217,296,218,297,210,302,208,310,207,316,205,318,203,326,213,328,214,328,223,324,227,322,232,321,239,322,242,320,249,317,251,313,253,302,262,302,278,299,282,289,282,287,281,285,278,282,272,281,270,280,273,277,274,276,273,273,269,276,263,279,259,280,254,281,243,284,242,284,240,284\" href=\"http:\/\/www.abracarnatureza.eu\/?page_id=569\" title=\"\" \/><area data-type=\"link\" data-tooltip=\"\" data-fill-color=\"3ddb1e\" data-fill-opacity=\"0.3\" data-stroke-color=\"3ddb1e\" data-stroke-opacity=\"0.8\" data-stroke-width=\"2\" data-mapkey=\"area-1586\" shape=\"poly\" coords=\"3,214,-1,239,4,246,5,261,12,270,15,274,15,281,23,287,24,290,24,295,24,300,28,311,30,321,31,326,46,322,50,323,52,321,54,318,56,319,58,320,63,318,66,310,73,310,79,307,86,306,91,306,100,314,103,312,102,308,100,302,101,300,102,285,98,279,104,273,100,261,95,259,95,255,91,250,90,245,80,226,80,218,84,212,82,203,79,199,73,197,70,198,67,200,62,193,52,200,54,211,54,215,47,211,44,210,39,211,36,208,30,205,18,209,17,216,15,219,15,221\" href=\"http:\/\/www.abracarnatureza.eu\/?page_id=1196\" title=\"\" \/><area data-type=\"link\" data-tooltip=\"\" data-fill-color=\"3ddb1e\" data-fill-opacity=\"0.3\" data-stroke-color=\"3ddb1e\" data-stroke-opacity=\"0.8\" data-stroke-width=\"2\" data-mapkey=\"area-1583\" shape=\"poly\" coords=\"170,245,171,246,163,255,165,259,160,281,147,291,152,300,148,313,154,339,167,343,171,347,179,337,201,326,203,318,207,311,208,301,215,298,227,277,245,265,257,258,254,248,253,239,247,234,235,237,226,230,220,235,209,237,200,235,197,240,189,247,181,251,180,252,177,253\" href=\"http:\/\/www.abracarnatureza.eu\/?page_id=41\" title=\"\" \/><\/map><div class=\"altlinks-container\"><a class=\"alternative-links-imagemap\" href=\"http:\/\/www.abracarnatureza.eu\/?page_id=2936\" data-key=\"area-2981\" data-type=\"link\" data-parent=\"imgmap-1579-1\">Arcos de Valdevez<\/a>, <a class=\"alternative-links-imagemap\" href=\"http:\/\/www.abracarnatureza.eu\/?page_id=2881\" data-key=\"area-2980\" data-type=\"link\" data-parent=\"imgmap-1579-1\">Terras de Bouro<\/a>, <a class=\"alternative-links-imagemap\" data-key=\"area-2457\" data-type=\"tooltip\" data-parent=\"imgmap-1579-1\">Cabeceiras de Basto<\/a>, <a class=\"alternative-links-imagemap\" href=\"http:\/\/www.abracarnatureza.eu\/?page_id=2452\" data-key=\"area-2456\" data-type=\"link\" data-parent=\"imgmap-1579-1\">Melga\u00e7o<\/a>, <a class=\"alternative-links-imagemap\" href=\"http:\/\/www.abracarnatureza.eu\/?page_id=1762\" data-key=\"area-1764\" data-type=\"link\" data-parent=\"imgmap-1579-1\">Guimar\u00e3es<\/a>, <a class=\"alternative-links-imagemap\" href=\"http:\/\/www.abracarnatureza.eu\/?page_id=1596\" data-key=\"area-1598\" data-type=\"link\" data-parent=\"imgmap-1579-1\">Barcelos<\/a>, <a class=\"alternative-links-imagemap\" href=\"http:\/\/www.abracarnatureza.eu\/?page_id=298\" data-key=\"area-1593\" data-type=\"link\" data-parent=\"imgmap-1579-1\">Ponte de Lima<\/a>, <a class=\"alternative-links-imagemap\" href=\"http:\/\/www.abracarnatureza.eu\/?page_id=434\" data-key=\"area-1592\" data-type=\"link\" data-parent=\"imgmap-1579-1\">Esposende<\/a>, <a class=\"alternative-links-imagemap\" href=\"http:\/\/www.abracarnatureza.eu\/?page_id=569\" data-key=\"area-1591\" data-type=\"link\" data-parent=\"imgmap-1579-1\">Amares<\/a>, <a class=\"alternative-links-imagemap\" href=\"http:\/\/www.abracarnatureza.eu\/?page_id=1196\" data-key=\"area-1586\" data-type=\"link\" data-parent=\"imgmap-1579-1\">Viana do Castelo<\/a>, <a class=\"alternative-links-imagemap\" href=\"http:\/\/www.abracarnatureza.eu\/?page_id=41\" data-key=\"area-1583\" data-type=\"link\" data-parent=\"imgmap-1579-1\">Vila Verde<\/a><\/div>\r\n\t<\/div>\n<p><!--?php &lt;br ?--><\/p>\n<p><strong>Uma viagem ao Minho<\/strong><br \/>\n<div class=\"epyt-video-wrapper\"><iframe  id=\"_ytid_96789\"  width=\"1170\" height=\"658\"  data-origwidth=\"1170\" data-origheight=\"658\" src=\"https:\/\/www.youtube.com\/embed\/c2jLp7PoMig?enablejsapi=1&autoplay=0&cc_load_policy=0&cc_lang_pref=&iv_load_policy=1&loop=1&playlist=c2jLp7PoMig&modestbranding=1&rel=1&fs=1&playsinline=1&autohide=2&theme=dark&color=red&controls=1&\" class=\"__youtube_prefs__  no-lazyload\" title=\"YouTube player\"  allow=\"accelerometer; autoplay; clipboard-write; encrypted-media; gyroscope; picture-in-picture\" allowfullscreen data-no-lazy=\"1\" data-skipgform_ajax_framebjll=\"\"><\/iframe><\/div><\/p>\n<blockquote><p>\u201cUma viagem ao Minho\u201d, faz parte do conjunto de v\u00eddeos promocionais do territ\u00f3rio que o Cons\u00f3rcio Minho IN \u2013 que integra as Comunidades Intermunicipais do Alto Minho, englobando os 24 munic\u00edpios do Minho &#8211; tem vindo a difundir durante o m\u00eas de janeiro no \u00e2mbito da campanha audiovisual \u201cAmar o Minho\u201d. Com uma locu\u00e7\u00e3o de 14 minutos este v\u00eddeo, em portugu\u00eas, oferece uma viagem detalhada dos pontos emblem\u00e1ticos e dos grandes eventos em cada um dos 24 concelhos do territ\u00f3rio Minho. As vers\u00f5es em ingl\u00eas e franc\u00eas do v\u00eddeo \u201cUma viagem ao Minho\u201d tamb\u00e9m j\u00e1 est\u00e3o dispon\u00edveis online. Parta \u00e0 descoberta deste territ\u00f3rio \u00edmpar e singular que surpreende em cada viagem!<\/p><\/blockquote>\n","protected":false},"excerpt":{"rendered":"<p>Portugal Minho Uma viagem ao Minho \u201cUma viagem ao Minho\u201d, faz parte do conjunto de v\u00eddeos promocionais do territ\u00f3rio que o Cons\u00f3rcio Minho IN \u2013 que integra as Comunidades Intermunicipais do Alto Minho, englobando os 24 munic\u00edpios do Minho &#8211; tem vindo a difundir durante o m\u00eas de janeiro no \u00e2mbito da campanha audiovisual \u201cAmar [&hellip;]<\/p>\n","protected":false},"author":1,"featured_media":0,"parent":0,"menu_order":0,"comment_status":"closed","ping_status":"closed","template":"","meta":{"_mi_skip_tracking":false,"_links_to":"","_links_to_target":""},"_links":{"self":[{"href":"http:\/\/www.abracarnatureza.eu\/index.php?rest_route=\/wp\/v2\/pages\/9"}],"collection":[{"href":"http:\/\/www.abracarnatureza.eu\/index.php?rest_route=\/wp\/v2\/pages"}],"about":[{"href":"http:\/\/www.abracarnatureza.eu\/index.php?rest_route=\/wp\/v2\/types\/page"}],"author":[{"embeddable":true,"href":"http:\/\/www.abracarnatureza.eu\/index.php?rest_route=\/wp\/v2\/users\/1"}],"replies":[{"embeddable":true,"href":"http:\/\/www.abracarnatureza.eu\/index.php?rest_route=%2Fwp%2Fv2%2Fcomments&post=9"}],"version-history":[{"count":30,"href":"http:\/\/www.abracarnatureza.eu\/index.php?rest_route=\/wp\/v2\/pages\/9\/revisions"}],"predecessor-version":[{"id":3152,"href":"http:\/\/www.abracarnatureza.eu\/index.php?rest_route=\/wp\/v2\/pages\/9\/revisions\/3152"}],"wp:attachment":[{"href":"http:\/\/www.abracarnatureza.eu\/index.php?rest_route=%2Fwp%2Fv2%2Fmedia&parent=9"}],"curies":[{"name":"wp","href":"https:\/\/api.w.org\/{rel}","templated":true}]}}