{"id":538,"date":"2016-08-22T15:26:31","date_gmt":"2016-08-22T15:26:31","guid":{"rendered":"http:\/\/www.abracarnatureza.eu\/?page_id=538"},"modified":"2017-05-04T15:26:11","modified_gmt":"2017-05-04T15:26:11","slug":"significados","status":"publish","type":"page","link":"http:\/\/www.abracarnatureza.eu\/?page_id=538","title":{"rendered":"Significados"},"content":{"rendered":"\n<div class=\"twitter-share\"><a href=\"https:\/\/twitter.com\/intent\/tweet\" class=\"twitter-share-button\">Tweet<\/a><\/div>\n<p><script>\n  (function(i,s,o,g,r,a,m){i['GoogleAnalyticsObject']=r;i[r]=i[r]||function(){\n  (i[r].q=i[r].q||[]).push(arguments)},i[r].l=1*new Date();a=s.createElement(o),\n  m=s.getElementsByTagName(o)[0];a.async=1;a.src=g;m.parentNode.insertBefore(a,m)\n  })(window,document,'script','https:\/\/www.google-analytics.com\/analytics.js','ga');\n\n  ga('create', 'UA-98306364-1', 'auto');\n  ga('send', 'pageview');\n\n<\/script>\n<br \/>\n<strong>Tipos de percursos pedestres<\/strong><\/p>\n<p style=\"padding-left: 30px;\"><strong><em>PR e PL<\/em><\/strong><br \/>\nPR, os Pequena Rota, n\u00e3o excedem os 30 km de extens\u00e3o ou menos de uma jornada a percorrer, e s\u00e3o sinalizados a amarelo e vermelho.<br \/>\nPL, os Percursos Locais, foram criados em Portugal em 2006, e onde a totalidade, ou mais de metade do trajeto se efetuam em percurso urbano, sinalizados a verde e branco.<\/p>\n<p style=\"padding-left: 30px;\"><strong><em>GR<\/em><\/strong><br \/>\nGR, os Grande Rota t\u00eam mais de 30 km de extens\u00e3o ou mais de uma jornada a percorrer, sinalizados a branco e vermelho.<\/p>\n<p style=\"padding-left: 30px;\">Uma vez homologados pela Federa\u00e7\u00e3o de Campismo e Montanhismo de Portugal, s\u00e3o marcados nos dois sentidos, segundo as marcas convencionadas.<\/p>\n<p style=\"padding-left: 30px;\"><strong><em>GRP<\/em><\/strong><br \/>\nA n\u00edvel europeu e baseados nas GR nacionais existem os Trilhos Europeus de Grande Rota &#8211; sigle GRP &#8211; que geralmente fazem uma volta em torno de um local ou zona particularmente interessante para permitir assim a descoberta de uma regi\u00e3o como no caso do Tour du Mont Blanc<\/p>\n<p>&nbsp;<\/p>\n<p style=\"padding-left: 30px;\"><strong>Marca\u00e7\u00e3o<\/strong><\/p>\n<p style=\"padding-left: 30px;\">A marca\u00e7\u00e3o dos percursos obedece a um conjunto de normas, que em Portugal foram editadas pela Federa\u00e7\u00e3o de Campismo e Montanhismo de Portugal. Com o intuito de regular a implementa\u00e7\u00e3o de percursos pedestres em Portugal foi criado o &#8220;Registo Nacional de Percursos Pedestres&#8221; que tem por finalidades:<\/p>\n<ul>\n<li style=\"padding-left: 30px;\">Registar os percursos pedestres de todas as entidades que a ela recorram<\/li>\n<li style=\"padding-left: 30px;\">Atribuir-lhes numera\u00e7\u00e3o<\/li>\n<li style=\"padding-left: 30px;\">Fazer a sua homologa\u00e7\u00e3o, de acordo com os pr\u00e9-requisitos estabelecidos<\/li>\n<li style=\"padding-left: 30px;\">Fazer a sua divulga\u00e7\u00e3o a n\u00edvel nacional e internacional<\/li>\n<\/ul>\n<p style=\"padding-left: 30px;\">As marcas s\u00e3o semelhantes mudando s\u00f3 a cor, assim:<\/p>\n<ul>\n<li style=\"padding-left: 30px;\">Grande Rota <b>(GR)<\/b> &#8211; branco e vermelho<\/li>\n<li style=\"padding-left: 30px;\">Pequena Rota <b>(PR)<\/b> &#8211; amarelo e vermelho<\/li>\n<li style=\"padding-left: 30px;\">Percursos Locais <b>(PL)<\/b> &#8211; verde e branco.<\/li>\n<\/ul>\n<p style=\"padding-left: 30px;\">\n<p style=\"padding-left: 30px;\"><em>Retirado de:\u00a0<\/em><a href=\"https:\/\/pt.wikipedia.org\/wiki\/Percurso_pedestre\">Wikip\u00e9dia<\/a><\/p>\n","protected":false},"excerpt":{"rendered":"<p>Tipos de percursos pedestres PR e PL PR, os Pequena Rota, n\u00e3o excedem os 30 km de extens\u00e3o ou menos de uma jornada a percorrer, e s\u00e3o sinalizados a amarelo e vermelho. PL, os Percursos Locais, foram criados em Portugal em 2006, e onde a totalidade, ou mais de metade do trajeto se efetuam em [&hellip;]<\/p>\n","protected":false},"author":4,"featured_media":0,"parent":9,"menu_order":0,"comment_status":"closed","ping_status":"closed","template":"","meta":{"_mi_skip_tracking":false,"_links_to":"","_links_to_target":""},"_links":{"self":[{"href":"http:\/\/www.abracarnatureza.eu\/index.php?rest_route=\/wp\/v2\/pages\/538"}],"collection":[{"href":"http:\/\/www.abracarnatureza.eu\/index.php?rest_route=\/wp\/v2\/pages"}],"about":[{"href":"http:\/\/www.abracarnatureza.eu\/index.php?rest_route=\/wp\/v2\/types\/page"}],"author":[{"embeddable":true,"href":"http:\/\/www.abracarnatureza.eu\/index.php?rest_route=\/wp\/v2\/users\/4"}],"replies":[{"embeddable":true,"href":"http:\/\/www.abracarnatureza.eu\/index.php?rest_route=%2Fwp%2Fv2%2Fcomments&post=538"}],"version-history":[{"count":11,"href":"http:\/\/www.abracarnatureza.eu\/index.php?rest_route=\/wp\/v2\/pages\/538\/revisions"}],"predecessor-version":[{"id":1624,"href":"http:\/\/www.abracarnatureza.eu\/index.php?rest_route=\/wp\/v2\/pages\/538\/revisions\/1624"}],"up":[{"embeddable":true,"href":"http:\/\/www.abracarnatureza.eu\/index.php?rest_route=\/wp\/v2\/pages\/9"}],"wp:attachment":[{"href":"http:\/\/www.abracarnatureza.eu\/index.php?rest_route=%2Fwp%2Fv2%2Fmedia&parent=538"}],"curies":[{"name":"wp","href":"https:\/\/api.w.org\/{rel}","templated":true}]}}