{"id":2,"date":"2016-08-02T09:08:43","date_gmt":"2016-08-02T09:08:43","guid":{"rendered":"http:\/\/www.espaconatureza.net\/?page_id=2"},"modified":"2017-11-03T12:13:34","modified_gmt":"2017-11-03T12:13:34","slug":"pagina-exemplo","status":"publish","type":"page","link":"http:\/\/www.abracarnatureza.eu\/","title":{"rendered":"In\u00edcio"},"content":{"rendered":"\n<div class=\"twitter-share\"><a href=\"https:\/\/twitter.com\/intent\/tweet?hashtags=abracarnatureza%20%23abracar%20%23natureza\" class=\"twitter-share-button\">Tweet<\/a><\/div>\n<p style=\"text-align: justify;\"><img loading=\"lazy\" class=\"alignleft wp-image-1887\" src=\"http:\/\/www.abracarnatureza.eu\/wp-content\/uploads\/2016\/08\/icon-tree.png\" alt=\"\" width=\"117\" height=\"130\" srcset=\"http:\/\/www.abracarnatureza.eu\/wp-content\/uploads\/2016\/08\/icon-tree.png 605w, http:\/\/www.abracarnatureza.eu\/wp-content\/uploads\/2016\/08\/icon-tree-270x300.png 270w, http:\/\/www.abracarnatureza.eu\/wp-content\/uploads\/2016\/08\/icon-tree-600x667.png 600w, http:\/\/www.abracarnatureza.eu\/wp-content\/uploads\/2016\/08\/icon-tree-410x456.png 410w, http:\/\/www.abracarnatureza.eu\/wp-content\/uploads\/2016\/08\/icon-tree-100x111.png 100w, http:\/\/www.abracarnatureza.eu\/wp-content\/uploads\/2016\/08\/icon-tree-275x306.png 275w\" sizes=\"(max-width: 117px) 100vw, 117px\" \/><\/p>\n<p style=\"text-align: justify;\">A equipa\u00a0<em>Abra\u00e7ar a Natureza<\/em> j\u00e1 tem dispon\u00edvel <strong>4449.5\n<\/strong> quil\u00f3metros em\u00a0<strong>389\u00a0<\/strong>trilhos para serem percorridos com <strong>368<\/strong> pontos de interesse, em\u00a0<strong>55 <\/strong>localidades, a aguardarem a sua descoberta!<\/p>\n<p style=\"text-align: justify;\">Um conselho: <strong><em>&#8220;Consulte o nosso calend\u00e1rio\u00a0com 0 eventos agendados, os trilhos e inicie a aventura!&#8221;<\/em><\/strong><\/p>\n<p>&nbsp;<\/p>\n<hr \/>\n<p><center><strong><em>Em destaque<\/em><\/strong><\/center>&nbsp;<\/p>\n<p><center><div class=\"gmedia_gallery photobox_module is_bot\" id=\"GmediaGallery_83\" data-gmid=\"83\" data-module=\"photobox\"><style class='gmedia_module_style_import'>@import url('http:\/\/www.abracarnatureza.eu\/wp-content\/grand-media\/module\/photobox\/css\/photobox.css?v=1.03') all;<\/style><div class=\"gmPhotoBox_Container\"><script type=\"text\/javascript\">\r\n\t\tjQuery(function(){\r\n\t\t\tvar data = {\"thumbwidth\":\"150\",\"thumbheight\":\"136\",\"thumbsvpad\":\"25\",\"thumbshpad\":\"25\",\"caption\":\"0\",\"ID\":83,\"name\":\"Galeria Aleat\\u00f3ria\",\"moduleUrl\":\"http:\\\/\\\/www.abracarnatureza.eu\\\/wp-content\\\/grand-media\\\/module\\\/photobox\",\"pluginUrl\":\"http:\\\/\\\/www.abracarnatureza.eu\\\/wp-content\\\/plugins\\\/grand-media\",\"libraryUrl\":\"http:\\\/\\\/www.abracarnatureza.eu\\\/wp-content\\\/grand-media\",\"key\":\"\"};\r\n\t\t\tdata.content = [{\"id\":\"77\",\"image\":\"\\\/image\\\/pr4-trilho-das-azenhas-das-antas_0.jpg\",\"thumb\":\"\\\/image\\\/thumb\\\/pr4-trilho-das-azenhas-das-antas_0.jpg\",\"title\":\"EPS PR4 \\u2013 Trilho das Azenhas e das Antas\",\"alt\":\"EPS PR4 \\u2013 Trilho das Azenhas e das Antas\",\"text\":\"\",\"media\":\"\",\"link\":\"\",\"linkTarget\":\"_self\"},{\"id\":\"507\",\"image\":\"\\\/image\\\/Capela_S._Sebasti_o.jpg\",\"thumb\":\"\\\/image\\\/thumb\\\/Capela_S._Sebasti_o.jpg\",\"title\":\"Capela S. Sebasti\\u00e3o\",\"alt\":\"Capela S. Sebasti\\u00e3o\",\"text\":\"\",\"media\":\"\",\"link\":\"\",\"linkTarget\":\"_self\"},{\"id\":\"237\",\"image\":\"\\\/image\\\/Moinhos_de_Pedrulhos.jpg\",\"thumb\":\"\\\/image\\\/thumb\\\/Moinhos_de_Pedrulhos.jpg\",\"title\":\"Moinhos de Pedrulhos\",\"alt\":\"Moinhos de Pedrulhos\",\"text\":\"\",\"media\":\"\",\"link\":\"\",\"linkTarget\":\"_self\"},{\"id\":\"82\",\"image\":\"\\\/image\\\/pr9-caminhos-da-fe_0.jpg\",\"thumb\":\"\\\/image\\\/thumb\\\/pr9-caminhos-da-fe_0.jpg\",\"title\":\"EPS PR9 \\u2013 Caminho da F\\u00e9-Belinho\",\"alt\":\"EPS PR9 \\u2013 Caminho da F\\u00e9-Belinho\",\"text\":\"\",\"media\":\"\",\"link\":\"\",\"linkTarget\":\"_self\"},{\"id\":\"114\",\"image\":\"\\\/image\\\/Trilho_da_Ribeira_de_Feitos3.jpg\",\"thumb\":\"\\\/image\\\/thumb\\\/Trilho_da_Ribeira_de_Feitos3.jpg\",\"title\":\"Trilho Da Ribeira De Feitos\",\"alt\":\"Trilho Da Ribeira De Feitos\",\"text\":\"\",\"media\":\"\",\"link\":\"\",\"linkTarget\":\"_self\"},{\"id\":\"191\",\"image\":\"\\\/image\\\/Rota_de_Mix_es_da_Serra2.jpg\",\"thumb\":\"\\\/image\\\/thumb\\\/Rota_de_Mix_es_da_Serra2.jpg\",\"title\":\"Rota de Mix\\u00f5es da Serra\",\"alt\":\"Rota de Mix\\u00f5es da Serra\",\"text\":\"\",\"media\":\"\",\"link\":\"\",\"linkTarget\":\"_self\"},{\"id\":\"161\",\"image\":\"\\\/image\\\/GMR_PR3_.2.jpg\",\"thumb\":\"\\\/image\\\/thumb\\\/GMR_PR3_.2.jpg\",\"title\":\"GMR PR3 - Rota da Penha\",\"alt\":\"GMR PR3 - Rota da Penha\",\"text\":\"\",\"media\":\"\",\"link\":\"\",\"linkTarget\":\"_self\"},{\"id\":\"241\",\"image\":\"\\\/image\\\/Pincho_1_.jpg\",\"thumb\":\"\\\/image\\\/thumb\\\/Pincho_1_.jpg\",\"title\":\"Cascata do Pincho\",\"alt\":\"Cascata do Pincho\",\"text\":\"\",\"media\":\"\",\"link\":\"\",\"linkTarget\":\"_self\"}];\r\n\t\t\tjQuery('#GmediaGallery_83 .gmPhotoBox_Container').photobox('a', data);\r\n\t\t});\r\n\t<\/script>\t\t<noscript><a href='\/image\/pr4-trilho-das-azenhas-das-antas_0.jpg'><img class=\"noLazy\" src='\/image\/thumb\/pr4-trilho-das-azenhas-das-antas_0.jpg' alt='EPS PR4 \u2013 Trilho das Azenhas e das Antas' \/><\/a><a href='\/image\/Capela_S._Sebasti_o.jpg'><img class=\"noLazy\" src='\/image\/thumb\/Capela_S._Sebasti_o.jpg' alt='Capela S. Sebasti\u00e3o' \/><\/a><a href='\/image\/Moinhos_de_Pedrulhos.jpg'><img class=\"noLazy\" src='\/image\/thumb\/Moinhos_de_Pedrulhos.jpg' alt='Moinhos de Pedrulhos' \/><\/a><a href='\/image\/pr9-caminhos-da-fe_0.jpg'><img class=\"noLazy\" src='\/image\/thumb\/pr9-caminhos-da-fe_0.jpg' alt='EPS PR9 \u2013 Caminho da F\u00e9-Belinho' \/><\/a><a href='\/image\/Trilho_da_Ribeira_de_Feitos3.jpg'><img class=\"noLazy\" src='\/image\/thumb\/Trilho_da_Ribeira_de_Feitos3.jpg' alt='Trilho Da Ribeira De Feitos' \/><\/a><a href='\/image\/Rota_de_Mix_es_da_Serra2.jpg'><img class=\"noLazy\" src='\/image\/thumb\/Rota_de_Mix_es_da_Serra2.jpg' alt='Rota de Mix\u00f5es da Serra' \/><\/a><a href='\/image\/GMR_PR3_.2.jpg'><img class=\"noLazy\" src='\/image\/thumb\/GMR_PR3_.2.jpg' alt='GMR PR3 - Rota da Penha' \/><\/a><a href='\/image\/Pincho_1_.jpg'><img class=\"noLazy\" src='\/image\/thumb\/Pincho_1_.jpg' alt='Cascata do Pincho' \/><\/a><\/noscript>\r\n\t<a class='gmlove' target='_blank' href='http:\/\/codeasily.com\/portfolio\/gmedia-gallery-modules\/photobox\/'>built with GmediaGallery<\/a><\/div><\/div><\/center><\/p>\n","protected":false},"excerpt":{"rendered":"<p>A equipa\u00a0Abra\u00e7ar a Natureza j\u00e1 tem dispon\u00edvel quil\u00f3metros em\u00a0\u00a0trilhos para serem percorridos com pontos de interesse, em\u00a0 localidades, a aguardarem a sua descoberta! Um conselho: &#8220;Consulte o nosso calend\u00e1rio\u00a0com eventos agendados, os trilhos e inicie a aventura!&#8221; &nbsp; Em destaque&nbsp;<\/p>\n","protected":false},"author":1,"featured_media":0,"parent":0,"menu_order":0,"comment_status":"closed","ping_status":"closed","template":"","meta":{"_mi_skip_tracking":false,"_links_to":"","_links_to_target":""},"_links":{"self":[{"href":"http:\/\/www.abracarnatureza.eu\/index.php?rest_route=\/wp\/v2\/pages\/2"}],"collection":[{"href":"http:\/\/www.abracarnatureza.eu\/index.php?rest_route=\/wp\/v2\/pages"}],"about":[{"href":"http:\/\/www.abracarnatureza.eu\/index.php?rest_route=\/wp\/v2\/types\/page"}],"author":[{"embeddable":true,"href":"http:\/\/www.abracarnatureza.eu\/index.php?rest_route=\/wp\/v2\/users\/1"}],"replies":[{"embeddable":true,"href":"http:\/\/www.abracarnatureza.eu\/index.php?rest_route=%2Fwp%2Fv2%2Fcomments&post=2"}],"version-history":[{"count":127,"href":"http:\/\/www.abracarnatureza.eu\/index.php?rest_route=\/wp\/v2\/pages\/2\/revisions"}],"predecessor-version":[{"id":3193,"href":"http:\/\/www.abracarnatureza.eu\/index.php?rest_route=\/wp\/v2\/pages\/2\/revisions\/3193"}],"wp:attachment":[{"href":"http:\/\/www.abracarnatureza.eu\/index.php?rest_route=%2Fwp%2Fv2%2Fmedia&parent=2"}],"curies":[{"name":"wp","href":"https:\/\/api.w.org\/{rel}","templated":true}]}}