{"id":1632,"date":"2017-05-07T10:07:43","date_gmt":"2017-05-07T10:07:43","guid":{"rendered":"http:\/\/www.abracarnatureza.eu\/?page_id=1632"},"modified":"2017-05-11T13:12:37","modified_gmt":"2017-05-11T13:12:37","slug":"vvd-trilho-da-moura","status":"publish","type":"page","link":"http:\/\/www.abracarnatureza.eu\/?page_id=1632","title":{"rendered":"VVD PR &#8211; Trilho da Moura"},"content":{"rendered":"\n<div class=\"twitter-share\"><a href=\"https:\/\/twitter.com\/intent\/tweet\" class=\"twitter-share-button\">Tweet<\/a><\/div>\n<p><script>\n  (function(i,s,o,g,r,a,m){i['GoogleAnalyticsObject']=r;i[r]=i[r]||function(){\n  (i[r].q=i[r].q||[]).push(arguments)},i[r].l=1*new Date();a=s.createElement(o),\n  m=s.getElementsByTagName(o)[0];a.async=1;a.src=g;m.parentNode.insertBefore(a,m)\n  })(window,document,'script','https:\/\/www.google-analytics.com\/analytics.js','ga');\n\n  ga('create', 'UA-98306364-1', 'auto');\n  ga('send', 'pageview');\n\n<\/script>\n<br \/>\nDescri\u00e7\u00e3o do percurso: <a href=\"https:\/\/pioneiros617.files.wordpress.com\/2013\/04\/folheto1.pdf\" target=\"_blank\" rel=\"noopener noreferrer\">abrir folheto<\/a><\/p>\n<p>Dificuldade: F\u00e1cil<br \/>\n\u00daltima atualiza\u00e7\u00e3o: 07\/05\/2017<\/p>\n<p>&nbsp;<\/p>\n<p><em><strong>A lenda<\/strong><\/em><\/p>\n<p><a href=\"https:\/\/pioneiros617.files.wordpress.com\/2013\/04\/moura.jpg\"><img loading=\"lazy\" class=\"alignnone wp-image-1119\" src=\"https:\/\/pioneiros617.files.wordpress.com\/2013\/04\/moura.jpg?w=930\" sizes=\"(max-width: 520px) 100vw, 520px\" srcset=\"https:\/\/pioneiros617.files.wordpress.com\/2013\/04\/moura.jpg 520w, https:\/\/pioneiros617.files.wordpress.com\/2013\/04\/moura.jpg?w=98 98w, https:\/\/pioneiros617.files.wordpress.com\/2013\/04\/moura.jpg?w=196 196w\" alt=\"moura\" width=\"230\" height=\"351\" data-attachment-id=\"1119\" data-permalink=\"https:\/\/pioneiros617.wordpress.com\/trilho-da-moura\/a-lenda\/moura\/\" data-orig-file=\"https:\/\/pioneiros617.files.wordpress.com\/2013\/04\/moura.jpg?w=930\" data-orig-size=\"520,795\" data-comments-opened=\"0\" data-image-meta=\"{&quot;aperture&quot;:&quot;0&quot;,&quot;credit&quot;:&quot;&quot;,&quot;camera&quot;:&quot;&quot;,&quot;caption&quot;:&quot;&quot;,&quot;created_timestamp&quot;:&quot;0&quot;,&quot;copyright&quot;:&quot;&quot;,&quot;focal_length&quot;:&quot;0&quot;,&quot;iso&quot;:&quot;0&quot;,&quot;shutter_speed&quot;:&quot;0&quot;,&quot;title&quot;:&quot;&quot;}\" data-image-title=\"moura\" data-image-description=\"\" data-medium-file=\"https:\/\/pioneiros617.files.wordpress.com\/2013\/04\/moura.jpg?w=930?w=196\" data-large-file=\"https:\/\/pioneiros617.files.wordpress.com\/2013\/04\/moura.jpg?w=930?w=520\" \/><\/a><\/p>\n<p>&nbsp;<\/p>\n<blockquote><p>Todas as manh\u00e3s, uma mulher de c\u00e2ntaro \u00e0 cabe\u00e7a descia o\u00a0Monte de S. Juli\u00e3o para ir buscar \u00e1gua ao rio, era de uma fam\u00edlia pobre e trabalhava para um lavrador rico.<br \/>\nUm dia, uma cobra enorme desceu dos penedos junto ao caminho e atravessou-se-lhe no caminho, ao v\u00ea-la, a mulher deu um grito e ficou muito assustada.<br \/>\n\u2013 N\u00e3o te assustes, mulher! \u2013 disse-lhe a cobra.<br \/>\nA mulher, quando viu a cobra a falar, ainda se assustou mais.<br \/>\n\u2013 Acalma-te, que eu n\u00e3o te fa\u00e7o mal.<br \/>\n\u2013 Que me queres? \u2013 perguntou a mulher a tremer como varas verdes.<br \/>\n\u2013 Eu n\u00e3o tenho prata nem ouro, trago apenas este c\u00e2ntaro para ir buscar \u00e1gua.<br \/>\nA cobra respondeu:<br \/>\n\u2013 Eu n\u00e3o quero nem prata nem ouro, disso tenho eu de sobra, e muito menos \u00e1gua.<br \/>\n\u2013 Ent\u00e3o que me queres?<br \/>\n\u2013 Precisava que me fizesses um favor.<br \/>\n\u2013 Um favor? \u2013 perguntou a mulher ainda mais assustada.<br \/>\nEnt\u00e3o a cobra contou a sua hist\u00f3ria:<br \/>\n\u2013 No tempo em que estas terras ainda eram dos Mouros, um senhor muito rico tinha uma filha muito bonita, mas um dia os crist\u00e3os invadiram as terras e o senhor resolveu partir com toda a sua gente, deixando a filha encantada a tomar conta do tesouro que escondeu debaixo de um penedo. Embora j\u00e1 tivessem passado mil anos, a donzela ainda vive. Essa donzela sou eu.<br \/>\nUm tanto confusa, a mulher perguntou:<br \/>\n\u2013 Mas tu \u00e9s uma cobra.<br \/>\n\u2013 Foi o meu pai que me encantou.<br \/>\nA mulher, olhando para o adiantado da hora, disse:<br \/>\n\u2013 Tenho de ir andando, preciso de ir buscar \u00e1gua ao Rio Homem.<br \/>\n\u2013 E quanto ao favor que te pedi? Se mo fizeres, todas as riquezas que eu guardo ser\u00e3o tuas. Estou farta de ser cobra. Preciso de quebrar o encantamento para voltar a ser uma donzela.<br \/>\n\u2013 E que tenho eu de fazer?<br \/>\n\u2013 Dar-me um beijo. S\u00f3 precisas de me dar um beijo para que todas as minhas riquezas sejam tuas.<br \/>\n\u2013 Vou pensar \u2013 respondeu a mulher.<br \/>\n\u2013 Amanh\u00e3, \u00e0 mesma hora, irei ao teu encontro, pelo teu corpo subirei, na cara me beijar\u00e1s e todas as minhas riquezas ser\u00e3o tuas.<br \/>\nNo dia seguinte, a mulher ia com o c\u00e2ntaro de \u00e1gua \u00e0 cabe\u00e7a, e lembrou-se do que tinha acontecido no dia anterior, e ficou com medo de passar pelo mesmo local, mas n\u00e3o havia outro caminho e metera-se-lhe na cabe\u00e7a aquela ideia do tesouro. Com ele podia deixar de trabalhar para o patr\u00e3o.<br \/>\nAo aproximar-se do local do dia anterior, voltou a encontrar a cobra, o r\u00e9ptil rastejou at\u00e9 ela, enroscou-se-lhe pelas pernas acima e chegou-lhe com a cabe\u00e7a perto da cara. A mulher olhou-a com grande nojo e medo e, ao ver aquela l\u00edngua de fora, os olhos pequenos e fixos como os do diabo, as escamas peganhentas, deu um grito:<br \/>\n\u2013 Ai Nossa Senhora valei-me!<br \/>\nOuviu-se um grande estrondo e uma voz que dizia:<br \/>\n\u2013 Ah, maldita, que me tra\u00edste!<br \/>\nA partir de ent\u00e3o, a mulher n\u00e3o mais encontrou a cobra, embora n\u00e3o se sentisse l\u00e1 muito segura quando tinha que passar naquele caminho com o c\u00e2ntaro \u00e0 cabe\u00e7a.<\/p><\/blockquote>\n<p>(Texto adaptado)<\/p>\n<p>&nbsp;<\/p>\n<p><strong>Mais informa\u00e7\u00f5es<\/strong> na p\u00e1gina dos\u00a0<a title=\"Pioneiros CNE 617 Coucieiro\" href=\"https:\/\/pioneiros617.wordpress.com\/trilho-da-moura\/\" target=\"_blank\" rel=\"home noopener noreferrer\">Pioneiros CNE 617 Coucieiro<\/a>.<\/p>\n","protected":false},"excerpt":{"rendered":"<p>Descri\u00e7\u00e3o do percurso: abrir folheto Dificuldade: F\u00e1cil \u00daltima atualiza\u00e7\u00e3o: 07\/05\/2017 &nbsp; A lenda &nbsp; Todas as manh\u00e3s, uma mulher de c\u00e2ntaro \u00e0 cabe\u00e7a descia o\u00a0Monte de S. Juli\u00e3o para ir buscar \u00e1gua ao rio, era de uma fam\u00edlia pobre e trabalhava para um lavrador rico. Um dia, uma cobra enorme desceu dos penedos junto ao [&hellip;]<\/p>\n","protected":false},"author":4,"featured_media":0,"parent":41,"menu_order":0,"comment_status":"closed","ping_status":"closed","template":"","meta":{"_mi_skip_tracking":false,"_links_to":"","_links_to_target":""},"_links":{"self":[{"href":"http:\/\/www.abracarnatureza.eu\/index.php?rest_route=\/wp\/v2\/pages\/1632"}],"collection":[{"href":"http:\/\/www.abracarnatureza.eu\/index.php?rest_route=\/wp\/v2\/pages"}],"about":[{"href":"http:\/\/www.abracarnatureza.eu\/index.php?rest_route=\/wp\/v2\/types\/page"}],"author":[{"embeddable":true,"href":"http:\/\/www.abracarnatureza.eu\/index.php?rest_route=\/wp\/v2\/users\/4"}],"replies":[{"embeddable":true,"href":"http:\/\/www.abracarnatureza.eu\/index.php?rest_route=%2Fwp%2Fv2%2Fcomments&post=1632"}],"version-history":[{"count":9,"href":"http:\/\/www.abracarnatureza.eu\/index.php?rest_route=\/wp\/v2\/pages\/1632\/revisions"}],"predecessor-version":[{"id":1878,"href":"http:\/\/www.abracarnatureza.eu\/index.php?rest_route=\/wp\/v2\/pages\/1632\/revisions\/1878"}],"up":[{"embeddable":true,"href":"http:\/\/www.abracarnatureza.eu\/index.php?rest_route=\/wp\/v2\/pages\/41"}],"wp:attachment":[{"href":"http:\/\/www.abracarnatureza.eu\/index.php?rest_route=%2Fwp%2Fv2%2Fmedia&parent=1632"}],"curies":[{"name":"wp","href":"https:\/\/api.w.org\/{rel}","templated":true}]}}